{"id":1762,"date":"2015-03-19T09:04:02","date_gmt":"2015-03-19T09:04:02","guid":{"rendered":"http:\/\/rhythmwp.wpengine.com\/?page_id=1762"},"modified":"2017-05-16T10:04:33","modified_gmt":"2017-05-16T09:04:33","slug":"homepage","status":"publish","type":"page","link":"http:\/\/2t3mdanse.fr\/","title":{"rendered":"Page d&rsquo;accueil"},"content":{"rendered":"<section  class=\"content-section full-width is-fluid cover no-padding no-margin    content-section-69feed61dc295\"><div class=\"row vc_row-fluid\"><div class=\"wpb_column col-md-12\"><section class=\"home-section bg-dark-alfa-50 parallax-2  mb-20\"  data-background=http:\/\/2t3mdanse.fr\/wp-content\/uploads\/2016\/05\/home2.jpg id=\"home\"><div class=\"js-height-full\"><div class=\"home-content\"><div class=\"home-text\"><h1 class=\"custom-font-big-size font-alt mb-50 mb-xs-30\" style=\"font-size:text-transform: uppercase; font-size: 35px; font-weight: 500; letter-spacing: 20px; color: #fff; opacity: 1;margin-bottom:20px;color:#ffffff;\">Cie 2 Temps 3 Mouvements<\/h1><div class=\"custom-font-small-size\" style=\"font-size:text-transform: uppercase !important; font-size: 18px; font-weight: 600; letter-spacing: 18px; color: #fff; opacity: 1;font-family: Dosis, arial, sans-serif;;color:#ffffff;\">NABIL HEMA\u00cfZIA<\/div><\/div><\/div><div class=\"local-scroll\"><a href=\"#compagnie\" title=\"button\" target=\"_self\" class=\"scroll-down\"><i class=\"fa fa-angle-down scroll-down-icon\"><\/i><\/a><\/div><\/div><\/section><\/div><\/div><\/section><section  id=\"compagnie\" class=\"content-section full-width with-col cover custom-padding no-margin    content-section-69feed61dc9dc\"><div class=\"row vc_row-fluid\"><div class=\"wpb_column col-md-3\"><div  class=\"full-block align-left\" ><img loading=\"lazy\" decoding=\"async\"  src=\"http:\/\/2t3mdanse.fr\/wp-content\/uploads\/2015\/03\/Logo-2T3M-NOM-COMPLET-CADRE-50.jpg\"  width=\"1581\" height=\"761\" alt=\"\" title=\"\" \/><\/div><\/div><div class=\"wpb_column col-md-9\"><div class=\"section-text text-block \" ><p>La Compagnie 2 Temps 3 Mouvements d\u00e9ploie son langage \u00e0 partir de la danse hip-hop. Dirig\u00e9e par Nabil Hema\u00efzia, qui nourrit son travail d\u2019histoires singuli\u00e8res parce qu\u2019elles sont le point d\u2019ancrage de nos h\u00e9ritages \u00e0 venir, la compagnie propose des pi\u00e8ces dans lesquelles la danse est le support d\u2019une parole n\u00e9cessairement libre et engag\u00e9e<\/p>\n<\/div><\/div><\/div><\/section><section  class=\"content-section full-width with-col cover no-padding no-margin    content-section-69feed61dcfb6\"><div class=\"row vc_row-fluid\"><div class=\"wpb_column col-md-12\"><hr  class=\"ts-divider\"><\/div><\/div><\/section><section  class=\"content-section full-width with-col cover custom-padding no-margin    content-section-69feed61dd0bb\"><div class=\"row vc_row-fluid\"><div class=\"wpb_column col-md-12\"><h2  class=\"section-title mb-70 mb-sm-40 font-alt align-left\" style=\"color:#ea4600;margin-bottom:20px;\">Actualit\u00e9s<\/h2><section  class=\"content-section full-width with-col cover no-padding no-margin    content-section-69feed61dd46f\"><div class=\"row vc_row-fluid\"><div class=\"wpb_column col-md-12\"><div class=\"section-text text-block \" ><h5><strong>Mai 2017\u00a0<\/strong><\/h5>\n<h5><em>&gt; Les silences oblig\u00e9s<br \/>\n<\/em><strong>Du 23 au 27 mai \u00e0 <a href=\"http:\/\/www.maisondesmetallos.paris\/2017\/02\/24\/les-silences-obliges-entre-d-eux-ou-l-invisible\">La Maison des M\u00e9tallos<\/a><\/strong> (Paris 11\u00e8me)<br \/>\n<span class=\"s1\">mardi, mercredi, vendredi &#8211; 20h<\/span><span class=\"s1\"><br \/>\n<\/span><span class=\"s1\">jeudi &#8211;\u00a016h<\/span><span class=\"s2\"><br \/>\n<\/span><span class=\"s1\">samedi &#8211; 19h<\/span><\/h5>\n<h5><em>&gt; Du chaos naissent les \u00e9toiles<br \/>\n<\/em>Samedi 6 mai &#8211; 20h30\u00a0 \/\u00a0<em>Le\u00a0Printemps\u00a0de la Danse Hip-hop,\u00a0<\/em>Th\u00e9\u00e2tre du Merlan, sc\u00e8ne nationale de\u00a0Marseille<\/h5>\n<\/div><\/div><\/div><\/section><\/div><\/div><\/section><section  class=\"content-section full-width with-col cover no-padding no-margin    content-section-69feed61dd763\"><div class=\"row vc_row-fluid\"><div class=\"wpb_column col-md-12\"><hr  class=\"ts-divider\"><\/div><\/div><\/section><section  class=\"content-section full-width with-col cover custom-padding no-margin    content-section-69feed61dd7e8\"><div class=\"row vc_row-fluid\"><div class=\"wpb_column col-md-12\"><h2  class=\"section-title mb-70 mb-sm-40 font-alt align-left\" style=\"color:#ea4600;margin-bottom:20px;\">cr\u00e9ations<\/h2><section  class=\"content-section full-width with-col cover no-padding no-margin    content-section-69feed61dd953\"><div class=\"row vc_row-fluid\"><div class=\"wpb_column col-md-4\"><div  class=\"full-block align-left\" style=\"margin-top:0px;margin-bottom:0px;\"><img loading=\"lazy\" decoding=\"async\"  src=\"http:\/\/2t3mdanse.fr\/wp-content\/uploads\/2017\/03\/DSC5166-\u00a9-MIRABELWHITE-1-e1490628958679.jpg\"  width=\"650\" height=\"417\" alt=\"\" title=\"\" \/><\/div><h2  class=\"section-title mb-70 mb-sm-40 font-alt align-left\" style=\"color:#000000;font-size:15px;margin-bottom:10px;\">Du chaos naissent les \u00e9toiles<a href=\"http:\/\/2t3mdanse.fr\/index.php\/spectacle-1\/\" title=\"button\" target=\"_self\" class=\"section-more right \"><i class=\"fa fa-angle-right\"><\/i><\/a><\/h2><div class=\"section-text text-block \" ><p>Cette pi\u00e8ce, pens\u00e9e pour un quintet, convoque la danse hip-hop comme un pr\u00e9texte \u00e0 la rencontre, un support \u00e0 la r\u00e9flexion et s\u2019appuiera sur le geste pour dire et partager les interrogations autour de la notion de chaos.<\/p>\n<\/div><div  class=\"mb-10\"><a href=\"http:\/\/2t3mdanse.fr\/index.php\/du-chaos-naissent-les-etoiles\/\" title=\"button\" target=\"_self\" class=\"btn btn-custom-69feed61ddf89 btn-mod  btn-small btn-solid btn-round\"> En savoir plus<\/a><\/div><\/div><div class=\"wpb_column col-md-4\"><div  class=\"full-block align-left\" style=\"margin-top:0px;margin-bottom:0px;\"><img loading=\"lazy\" decoding=\"async\"  src=\"http:\/\/2t3mdanse.fr\/wp-content\/uploads\/2015\/03\/2.jpg\"  width=\"650\" height=\"418\" alt=\"\" title=\"\" \/><\/div><h2  class=\"section-title mb-70 mb-sm-40 font-alt align-left\" style=\"color:#000000;font-size:15px;margin-bottom:10px;\">Les Silences Oblig\u00e9s<a href=\"#\" title=\"button\" target=\"_self\" class=\"section-more right \"><i class=\"fa fa-angle-right\"><\/i><\/a><\/h2><div class=\"section-text text-block \" ><p>Nabil Hema\u00efzia nous livre un conte \u00e0 la fois intime et universel. Dans cette pi\u00e8ce qui aborde la question de l\u2019exil, le corps, charg\u00e9 du silence pudique des g\u00e9n\u00e9rations pass\u00e9es, tente de dire l\u2019indicible et de le partager.<\/p>\n<\/div><div  class=\"mb-10\"><a href=\"http:\/\/2t3mdanse.fr\/index.php\/silencesobliges\/\" title=\"button\" target=\"_self\" class=\"btn btn-custom-69feed61de4d6 btn-mod  btn-small btn-solid btn-round\"> En savoir plus<\/a><\/div><\/div><div class=\"wpb_column col-md-4\"><div  class=\"full-block align-left\" style=\"margin-top:0px;margin-bottom:0px;\"><img loading=\"lazy\" decoding=\"async\"  src=\"http:\/\/2t3mdanse.fr\/wp-content\/uploads\/2015\/03\/3.jpg\"  width=\"650\" height=\"418\" alt=\"\" title=\"\" \/><\/div><h2  class=\"section-title mb-70 mb-sm-40 font-alt align-left\" style=\"color:#000000;font-size:15px;margin-bottom:10px;\">Pr\u00eat-\u00e0-penser<a href=\"#\" title=\"button\" target=\"_self\" class=\"section-more right \"><i class=\"fa fa-angle-right\"><\/i><\/a><\/h2><div class=\"section-text text-block \" ><p>Ce trio chor\u00e9graphique\u00a0met en sc\u00e8ne trois personnages esclaves du \u00ab\u00a0pr\u00eat-\u00e0-penser\u00a0\u00bb. Une lutte s&rsquo;engage\u00a0pour s\u2019affranchir du dictat du pr\u00e9m\u00e2ch\u00e9 et choisir ses propres rep\u00e8res.<\/p>\n<\/div><div  class=\"mb-10\"><a href=\"http:\/\/2t3mdanse.fr\/index.php\/pret-a-penser\/\" title=\"button\" target=\"_self\" class=\"btn btn-custom-69feed61de9ca btn-mod  btn-small btn-solid btn-round\"> En savoir plus<\/a><\/div><\/div><\/div><\/section><\/div><\/div><\/section>\n","protected":false},"excerpt":{"rendered":"Cie 2 Temps 3 MouvementsNABIL HEMA\u00cfZIALa Compagnie 2 Temps 3 Mouvements d\u00e9ploie son langage \u00e0 partir de la danse hip-hop. Dirig\u00e9e par Nabil Hema\u00efzia, qui nourrit son travail d\u2019histoires singuli\u00e8res parce qu\u2019elles sont le point d\u2019ancrage de nos h\u00e9ritages \u00e0 venir, la compagnie propose des pi\u00e8ces dans lesquelles la danse est le support d\u2019une parole","protected":false},"author":1,"featured_media":0,"parent":0,"menu_order":0,"comment_status":"open","ping_status":"open","template":"","meta":{"footnotes":""},"class_list":["post-1762","page","type-page","status-publish","hentry"],"_links":{"self":[{"href":"http:\/\/2t3mdanse.fr\/index.php\/wp-json\/wp\/v2\/pages\/1762","targetHints":{"allow":["GET"]}}],"collection":[{"href":"http:\/\/2t3mdanse.fr\/index.php\/wp-json\/wp\/v2\/pages"}],"about":[{"href":"http:\/\/2t3mdanse.fr\/index.php\/wp-json\/wp\/v2\/types\/page"}],"author":[{"embeddable":true,"href":"http:\/\/2t3mdanse.fr\/index.php\/wp-json\/wp\/v2\/users\/1"}],"replies":[{"embeddable":true,"href":"http:\/\/2t3mdanse.fr\/index.php\/wp-json\/wp\/v2\/comments?post=1762"}],"version-history":[{"count":88,"href":"http:\/\/2t3mdanse.fr\/index.php\/wp-json\/wp\/v2\/pages\/1762\/revisions"}],"predecessor-version":[{"id":3487,"href":"http:\/\/2t3mdanse.fr\/index.php\/wp-json\/wp\/v2\/pages\/1762\/revisions\/3487"}],"wp:attachment":[{"href":"http:\/\/2t3mdanse.fr\/index.php\/wp-json\/wp\/v2\/media?parent=1762"}],"curies":[{"name":"wp","href":"https:\/\/api.w.org\/{rel}","templated":true}]}}