{"id":2572,"date":"2016-05-18T13:37:28","date_gmt":"2016-05-18T12:37:28","guid":{"rendered":"http:\/\/2t3mdanse.fr\/?page_id=2572"},"modified":"2017-03-27T16:48:25","modified_gmt":"2017-03-27T15:48:25","slug":"nabil","status":"publish","type":"page","link":"http:\/\/2t3mdanse.fr\/index.php\/nabil\/","title":{"rendered":"Nabil Hema\u00efzia"},"content":{"rendered":"<section  class=\"content-section full-width with-col cover custom-padding no-margin    content-section-69f12b9a2bd95\"><div class=\"row vc_row-fluid\"><div class=\"wpb_column col-md-12\"><h2  class=\"section-title mb-70 mb-sm-40 font-alt align-left\" style=\"color:#ea4600;margin-top:0px;margin-bottom:15px;\">Biographie<\/h2><\/div><\/div><\/section><section  class=\"content-section full-width with-col cover custom-padding no-margin    content-section-69f12b9a2be75\"><div class=\"row vc_row-fluid\"><div class=\"wpb_column col-md-4\"><div  class=\"full-block align-left\" style=\"margin-bottom:15px;\"><img loading=\"lazy\" decoding=\"async\"  src=\"http:\/\/2t3mdanse.fr\/wp-content\/uploads\/2017\/03\/IMG_5249-1-e1490629749551.jpg\"  width=\"1083\" height=\"1140\" alt=\"\" title=\"\" \/><\/div><\/div><div class=\"wpb_column col-md-4\"><div class=\"section-text text-block \" ><p>Avignon, fin des ann\u00e9es 80. Nabil rencontre la culture hip-hop et fait ses armes en autodidacte. A l\u2019\u00e9poque s\u00e9duit par ce mouvement qui n\u2019impose pas de cours, qui ne co\u00fbte rien, et qu\u2019il est possible de pratiquer ici et maintenant, \u00e0 partir de ce que l\u2019on a et de ce que l\u2019on est, Nabil nourrit sa danse de vid\u00e9os, d\u2019images, de rencontres et d&rsquo;\u00e9changes, de recherches et de trouvailles. Actif \u00e9galement dans le rap, il monte un groupe et met en place des ateliers de MAO avant de se consacrer compl\u00e8tement \u00e0 la danse.<\/p>\n<p>En 1998 dans une MJC o\u00f9 il anime des cours, il rencontre des circassiens avec qui il fonde la compagnie 2 Temps 3 Mouvements <em>en 2006<\/em>.<\/p>\n<\/div><\/div><div class=\"wpb_column col-md-4\"><div class=\"section-text text-block \" ><p>Nabil cosigne alors les pi\u00e8ces <em>Reflets<\/em>,<em> la Strat\u00e9gie de l\u2019Echec, Sous Nos Yeux, puis le quatuor Et des poussi\u00e8res\u2026 <\/em>pour le festival Montpellier Danse.<\/p>\n<p>En 2012, Nabil prend seul la direction artistique du trio <em>Pr\u00eat-A-Penser<\/em>, puis la direction de 2 Temps 3 Mouvements en 2014, au sein de laquelle il affirme sa propre signature. Il s\u2019engage la m\u00eame ann\u00e9e, sur la cr\u00e9ation des <em>Silences Oblig\u00e9s<\/em> (1<sup>er<\/sup> spectacle de danse hip-hop audio d\u00e9crit).<em>\u00a0 <\/em>En 2016, pour la premi\u00e8re fois hors du plateau, il cr\u00e9e une pi\u00e8ce pour cinq danseurs \u00e0 Montpellier Danse<em>\u00a0: Du chaos naissent les \u00e9toiles. <\/em><\/p>\n<\/div><\/div><\/div><\/section><section  class=\"content-section full-width with-col cover no-padding no-margin    content-section-69f12b9a2c5bc\"><div class=\"row vc_row-fluid\"><div class=\"wpb_column col-md-12\"><\/div><\/div><\/section>\n","protected":false},"excerpt":{"rendered":"BiographieAvignon, fin des ann\u00e9es 80. Nabil rencontre la culture hip-hop et fait ses armes en autodidacte. A l\u2019\u00e9poque s\u00e9duit par ce mouvement qui n\u2019impose pas de cours, qui ne co\u00fbte rien, et qu\u2019il est possible de pratiquer ici et maintenant, \u00e0 partir de ce que l\u2019on a et de ce que l\u2019on est, Nabil nourrit","protected":false},"author":1,"featured_media":0,"parent":0,"menu_order":0,"comment_status":"closed","ping_status":"closed","template":"","meta":{"footnotes":""},"class_list":["post-2572","page","type-page","status-publish","hentry"],"_links":{"self":[{"href":"http:\/\/2t3mdanse.fr\/index.php\/wp-json\/wp\/v2\/pages\/2572","targetHints":{"allow":["GET"]}}],"collection":[{"href":"http:\/\/2t3mdanse.fr\/index.php\/wp-json\/wp\/v2\/pages"}],"about":[{"href":"http:\/\/2t3mdanse.fr\/index.php\/wp-json\/wp\/v2\/types\/page"}],"author":[{"embeddable":true,"href":"http:\/\/2t3mdanse.fr\/index.php\/wp-json\/wp\/v2\/users\/1"}],"replies":[{"embeddable":true,"href":"http:\/\/2t3mdanse.fr\/index.php\/wp-json\/wp\/v2\/comments?post=2572"}],"version-history":[{"count":32,"href":"http:\/\/2t3mdanse.fr\/index.php\/wp-json\/wp\/v2\/pages\/2572\/revisions"}],"predecessor-version":[{"id":3458,"href":"http:\/\/2t3mdanse.fr\/index.php\/wp-json\/wp\/v2\/pages\/2572\/revisions\/3458"}],"wp:attachment":[{"href":"http:\/\/2t3mdanse.fr\/index.php\/wp-json\/wp\/v2\/media?parent=2572"}],"curies":[{"name":"wp","href":"https:\/\/api.w.org\/{rel}","templated":true}]}}