{"id":2583,"date":"2016-05-18T13:41:20","date_gmt":"2016-05-18T12:41:20","guid":{"rendered":"http:\/\/2t3mdanse.fr\/?page_id=2583"},"modified":"2016-12-20T14:24:54","modified_gmt":"2016-12-20T13:24:54","slug":"pret-a-penser","status":"publish","type":"page","link":"http:\/\/2t3mdanse.fr\/index.php\/pret-a-penser\/","title":{"rendered":"Pr\u00eat-\u00e0-penser"},"content":{"rendered":"<section  class=\"content-section full-width with-col cover custom-padding no-margin    content-section-6a02e600a51a7\"><div class=\"row vc_row-fluid\"><div class=\"wpb_column col-md-12\"><section  class=\"content-section full-width with-col cover no-padding no-margin    content-section-6a02e600a55db\"><div class=\"row vc_row-fluid\"><div class=\"wpb_column col-md-3\"><blockquote class=\"mb-0 \" ><p >\nCe trio chor\u00e9graphique\u00a0met en sc\u00e8ne trois personnages esclaves du \u00ab\u00a0pr\u00eat-\u00e0-penser\u00a0\u00bb.\n<\/p><\/blockquote><\/div><div class=\"wpb_column col-md-9\"><div class=\"section-text text-block \" ><p><em>Pr\u00eat-\u00e0-penser <\/em>est un trio chor\u00e9graphique dont les questionnements prolongent les th\u00e8mes qui habitent les pr\u00e9c\u00e9dentes cr\u00e9ations de la compagnie. Elle est centr\u00e9e sur l\u2019individu, son histoire, son rapport \u00e0 l\u2019autre et \u00e0 la soci\u00e9t\u00e9 parce que ce sujet bien que fr\u00e9quemment convoqu\u00e9 me semble garder toute son urgence. Cette pi\u00e8ce s\u2019attache \u00e9galement \u00e0 \u00e9laborer une danse dont la technique n&rsquo;est que le vocabulaire d&rsquo;une parole que je souhaite porteuse d&rsquo;un discours et d\u2019un engagement qui pose question.<\/p>\n<p>Pour aider cette volont\u00e9, mon vocabulaire dans\u00e9 prend sa source dans des situations, des gestes quotidiens et banals, dans des comportements naturels que nous adoptons tous les jours mais qui sont souvent symptomatiques et trahissent une part de notre identit\u00e9, de nos m\u00e9moires culturelles, sociales et familiales, de notre h\u00e9ritage. Je les d\u00e9tourne progressivement (r\u00e9p\u00e9tition, amplification, d\u00e9structuration, etc&#8230;), jusqu\u2019\u00e0 leur compl\u00e8te transformation. Il s\u2019agit de tendre vers une forme de repr\u00e9sentation abstraite, parfois surr\u00e9aliste, propice \u00e0 une libre interpr\u00e9tation, pour que chacun puisse lire la danse en r\u00e9f\u00e9rence \u00e0 son histoire et \u00e0 sa sensibilit\u00e9.<\/p>\n<\/div><\/div><\/div><\/section><section  class=\"content-section full-width with-col cover no-padding no-margin    content-section-6a02e600a57f0\"><div class=\"row vc_row-fluid\"><div class=\"wpb_column col-md-6\"><h2  class=\"section-title mb-70 mb-sm-40 font-alt align-left\" style=\"color:#ea4600;margin-bottom:15px;\">DISTRIBUTION<\/h2><div class=\"section-text text-block \" ><p>Direction artistique et chor\u00e9graphie <strong>Nabil Hema\u00efzia<br \/>\n<\/strong><span style=\"line-height: 1.5\">Danseurs Interpr\u00e8tes <\/span><strong style=\"line-height: 1.5\">Nacim Battou, Santiago Codon Gras et Nabil Hema\u00efzia<br \/>\n<\/strong>Cr\u00e9ation lumi\u00e8re <strong>Vincent Toppino<br \/>\n<\/strong><span style=\"line-height: 1.5\">Sc\u00e9nographie et Arrangements musicaux <\/span><strong style=\"line-height: 1.5\">Nabil Hema\u00efzia<br \/>\n<\/strong>Regards complices <strong>Kader Attou et Mathieu Desseigne<\/strong><\/p>\n<\/div><div  class=\"mb-10\"><a href=\"http:\/\/2t3mdanse.fr\/wp-content\/uploads\/2016\/05\/Dossier-Pret-a-penser.pdf\" title=\"button\" target=\"_blank\" class=\"btn btn-custom-6a02e600a5a1e btn-mod  btn-small btn-solid btn-round\"><i class=\"fa fa-arrow-circle-down\"><\/i> Dossier - Fran\u00e7ais<\/a><\/div><div  class=\"mb-10\"><a href=\"http:\/\/2t3mdanse.fr\/wp-content\/uploads\/2016\/10\/File-Ready-to-think.pdf\" title=\"button\" target=\"_blank\" class=\"btn btn-custom-6a02e600a5a40 btn-mod  btn-small btn-solid btn-round\"><i class=\"fa fa-arrow-circle-down\"><\/i> File - English <\/a><\/div><\/div><div class=\"wpb_column col-md-6\"><h2  class=\"section-title mb-70 mb-sm-40 font-alt align-left\" style=\"color:#ea4600;margin-bottom:15px;\">Partenaires<\/h2><div class=\"section-text text-block \" ><p><em>La cr\u00e9ation b\u00e9n\u00e9ficie du soutien de la DRAC, de la r\u00e9gion PACA et du d\u00e9partement de Vaucluse.<br \/>\n<\/em><em>Coproduction : ADDMD 11, Sc\u00e8ne des Trois Ponts (Castelnaudary), Le Chai &#8211; Espace culturel de Pi\u00e9mont d&rsquo;Alaric (Capendu), Espace culturel des Corbi\u00e8res (Ferrals), Le Crat\u00e8re sc\u00e8ne nationale d&rsquo;Al\u00e8s, le CCN de Cr\u00e9teil et du Val de Marne \/ Cie K\u00e4fig dans le cadre de l\u2019accueil studio, le conseil g\u00e9n\u00e9ral du Gard dans le cadre du dispositif Artiste au coll\u00e8ge.<br \/>\n<\/em><em>Avec le soutien de l\u2019Agora, Cit\u00e9 internationale de la danse de Montpellier, du Th\u00e9\u00e2tre des Doms (Avignon), de la Sc\u00e8ne nationale de Cavaillon et du CDC les Hivernales (Avignon) pour la mise \u00e0 disposition d&rsquo;espaces de travail.<\/em><\/p>\n<\/div><\/div><\/div><\/section><\/div><\/div><\/section><section  class=\"content-section full-width with-col cover no-padding no-margin    content-section-6a02e600a5b4b\"><div class=\"row vc_row-fluid\"><div class=\"wpb_column col-md-12\"><h2  class=\"section-title mb-70 mb-sm-40 font-alt align-left\" style=\"color:#ea4600;margin-bottom:15px;\">Photos<\/h2><div class=\"row multi-columns-row\"><div  class=\"col-md-3 col-lg-3 col-sm-6 mb-md-10\"><div class=\"post-prev-img\"><a href=\"http:\/\/2t3mdanse.fr\/wp-content\/uploads\/2016\/05\/Christian-Varlet-8-e1464165776330.jpg\" class=\"lightbox-gallery-2 mfp-image\"><img decoding=\"async\" src=\"http:\/\/2t3mdanse.fr\/wp-content\/uploads\/2016\/05\/Christian-Varlet-8-720x463.jpg\" alt=\"\" \/><\/a><\/div><\/div><div  class=\"col-md-3 col-lg-3 col-sm-6 mb-md-10\"><div class=\"post-prev-img\"><a href=\"http:\/\/2t3mdanse.fr\/wp-content\/uploads\/2016\/05\/Christian-Varlet-3-e1464165825860.jpg\" class=\"lightbox-gallery-2 mfp-image\"><img decoding=\"async\" src=\"http:\/\/2t3mdanse.fr\/wp-content\/uploads\/2016\/05\/Christian-Varlet-3-720x463.jpg\" alt=\"\" \/><\/a><\/div><\/div><div  class=\"col-md-3 col-lg-3 col-sm-6 mb-md-10\"><div class=\"post-prev-img\"><a href=\"http:\/\/2t3mdanse.fr\/wp-content\/uploads\/2016\/05\/2tps3mvts024-recad-e1464165546215.jpg\" class=\"lightbox-gallery-2 mfp-image\"><img decoding=\"async\" src=\"http:\/\/2t3mdanse.fr\/wp-content\/uploads\/2016\/05\/2tps3mvts024-recad-720x463.jpg\" alt=\"\" \/><\/a><\/div><\/div><div  class=\"col-md-3 col-lg-3 col-sm-6 mb-md-10\"><div class=\"post-prev-img\"><a href=\"http:\/\/2t3mdanse.fr\/wp-content\/uploads\/2016\/05\/2tps3mvts029-copie-recad-01-e1464165803106.jpg\" class=\"lightbox-gallery-2 mfp-image\"><img decoding=\"async\" src=\"http:\/\/2t3mdanse.fr\/wp-content\/uploads\/2016\/05\/2tps3mvts029-copie-recad-01-720x463.jpg\" alt=\"\" \/><\/a><\/div><\/div><\/div><div class=\"section-text text-block \" ><p>Photos\u00a0\u00a9 Christian Varlet<\/p>\n<\/div><\/div><\/div><\/section><section  class=\"content-section full-width with-col cover custom-padding no-margin    content-section-6a02e600a6e18\"><div class=\"row vc_row-fluid\"><div class=\"wpb_column col-md-8\"><h2  class=\"section-title mb-70 mb-sm-40 font-alt align-left\" style=\"color:#ea4600;margin-bottom:15px;\">Teaser<\/h2><div class=\"mb-xs-40\"><div  class=\"video\"><iframe loading=\"lazy\" src=\"http:\/\/player.vimeo.com\/video\/126907763?title=0&amp;byline=0&amp;portrait=0&amp;color=ffffff\" width=\"1170\" height=\"658\" allowfullscreen><\/iframe><\/div><\/div><\/div><\/div><\/section>\n","protected":false},"excerpt":{"rendered":"Ce trio chor\u00e9graphique\u00a0met en sc\u00e8ne trois personnages esclaves du \u00ab\u00a0pr\u00eat-\u00e0-penser\u00a0\u00bb. Pr\u00eat-\u00e0-penser est un trio chor\u00e9graphique dont les questionnements prolongent les th\u00e8mes qui habitent les pr\u00e9c\u00e9dentes cr\u00e9ations de la compagnie. Elle est centr\u00e9e sur l\u2019individu, son histoire, son rapport \u00e0 l\u2019autre et \u00e0 la soci\u00e9t\u00e9 parce que ce sujet bien que fr\u00e9quemment convoqu\u00e9 me semble garder","protected":false},"author":1,"featured_media":0,"parent":0,"menu_order":0,"comment_status":"closed","ping_status":"closed","template":"","meta":{"footnotes":""},"class_list":["post-2583","page","type-page","status-publish","hentry"],"_links":{"self":[{"href":"http:\/\/2t3mdanse.fr\/index.php\/wp-json\/wp\/v2\/pages\/2583","targetHints":{"allow":["GET"]}}],"collection":[{"href":"http:\/\/2t3mdanse.fr\/index.php\/wp-json\/wp\/v2\/pages"}],"about":[{"href":"http:\/\/2t3mdanse.fr\/index.php\/wp-json\/wp\/v2\/types\/page"}],"author":[{"embeddable":true,"href":"http:\/\/2t3mdanse.fr\/index.php\/wp-json\/wp\/v2\/users\/1"}],"replies":[{"embeddable":true,"href":"http:\/\/2t3mdanse.fr\/index.php\/wp-json\/wp\/v2\/comments?post=2583"}],"version-history":[{"count":23,"href":"http:\/\/2t3mdanse.fr\/index.php\/wp-json\/wp\/v2\/pages\/2583\/revisions"}],"predecessor-version":[{"id":3395,"href":"http:\/\/2t3mdanse.fr\/index.php\/wp-json\/wp\/v2\/pages\/2583\/revisions\/3395"}],"wp:attachment":[{"href":"http:\/\/2t3mdanse.fr\/index.php\/wp-json\/wp\/v2\/media?parent=2583"}],"curies":[{"name":"wp","href":"https:\/\/api.w.org\/{rel}","templated":true}]}}