{"id":2586,"date":"2016-05-18T13:41:50","date_gmt":"2016-05-18T12:41:50","guid":{"rendered":"http:\/\/2t3mdanse.fr\/?page_id=2586"},"modified":"2017-03-27T16:21:22","modified_gmt":"2017-03-27T15:21:22","slug":"du-chaos-naissent-les-etoiles","status":"publish","type":"page","link":"http:\/\/2t3mdanse.fr\/index.php\/du-chaos-naissent-les-etoiles\/","title":{"rendered":"Du chaos naissent les \u00e9toiles"},"content":{"rendered":"<section  class=\"content-section full-width with-col cover custom-padding no-margin    content-section-69df6d69b1ed1\"><div class=\"row vc_row-fluid\"><div class=\"wpb_column col-md-12\"><section  class=\"content-section full-width with-col cover no-padding no-margin    content-section-69df6d69b2028\"><div class=\"row vc_row-fluid\"><div class=\"wpb_column col-md-3\"><blockquote class=\"mb-0 \" ><p >Face aux crises\u00a0qui agitent notre temps, Nabil Hema\u00efzia imagine \u00ab\u00a0<em>une parcelle de monde qui se raconte sur les d\u00e9bris de l\u2019Histoire\u00a0<\/em>\u00bb<\/p><\/blockquote><\/div><div class=\"wpb_column col-md-9\"><div class=\"section-text text-block \" ><p>Pour sa premi\u00e8re pi\u00e8ce de groupe, Nabil Hemaizia \u00e9prouve sa position de chor\u00e9graphe.\u00a0Il met en sc\u00e8ne une variation autour de la domination, de l\u2019asservissement et de l\u2019accession au pouvoir, mis en place par l\u2019homme pour l\u2019homme. La proposition se construit ainsi au travers des cycles inh\u00e9rents \u00e0 la nature humaine, cr\u00e9ant un rapprochement avec le r\u00e8gne animal.<\/p>\n<p>Lorsque tout concourt \u00e0 la beaut\u00e9 du monde, au bien \u00eatre, \u00e0 la joie de vivre, quel est l\u2019\u00e9l\u00e9ment qui peut enrayer cela, quel cataclysme peut provoquer le chaos ?<br \/>\nLes 5 interpr\u00e8tes rivaliseront d\u2019ing\u00e9niosit\u00e9, de cruaut\u00e9, de l\u00e9g\u00e8ret\u00e9, d\u2019humanit\u00e9 en somme, pour faire \u00e9cho \u00e0 la construction d\u2019une nouvelle civilisation.<\/p>\n<p>Dans le tumulte de nos soci\u00e9t\u00e9s, lieu d\u2019emballement de tous les extr\u00eames, Nabil Hema\u00efzia veut croire encore au retour de l\u2019enchantement et projeter ainsi une civilisation d\u2019\u00e9toiles. Comme si tout \u00e9tait histoire de recommencement perp\u00e9tuel.<\/p>\n<\/div><\/div><\/div><\/section><section  class=\"content-section full-width with-col cover custom-padding no-margin    content-section-69df6d69b2103\"><div class=\"row vc_row-fluid\"><div class=\"wpb_column col-md-6\"><h2  class=\"section-title mb-70 mb-sm-40 font-alt align-left\" style=\"color:#ea4600;margin-bottom:15px;\">DISTRIBUTION<\/h2><div class=\"section-text text-block \" ><p>Direction artistique et chor\u00e9graphie<strong> Nabil Hema\u00efzia<br \/>\n<\/strong>Danseurs interpr\u00e8tes<strong> Jeanne Azoulay, Nacim Battou, Santiago Codon Gras,<br \/>\nFarrah Elmaskini, Andr\u00e9a Mondoloni<br \/>\n<\/strong>Conception d\u00e9cor<strong> Christophe Beyler<br \/>\n<\/strong>Cr\u00e9ation lumi\u00e8re<strong> Thomas Falinower<\/strong><\/p>\n<\/div><div  class=\"mb-10\"><a href=\"http:\/\/2t3mdanse.fr\/wp-content\/uploads\/2017\/01\/Dossier-Chaos-janv2017.pdf\" title=\"button\" target=\"_blank\" class=\"btn btn-custom-69df6d69b21f2 btn-mod  btn-small btn-solid btn-round\"><i class=\"fa fa-arrow-circle-down\"><\/i> Dossier - Fran\u00e7ais<\/a><\/div><div  class=\"mb-10\"><a href=\"http:\/\/2t3mdanse.fr\/wp-content\/uploads\/2017\/01\/Chaos-English-file-Jan2017.pdf\" title=\"button\" target=\"_blank\" class=\"btn btn-custom-69df6d69b220f btn-mod  btn-small btn-solid btn-round\"><i class=\"fa fa-arrow-circle-down\"><\/i> File - English <\/a><\/div><div  class=\"mb-10\"><a href=\"http:\/\/2t3mdanse.fr\/wp-content\/uploads\/2017\/03\/Revue-de-presse-Du-chaosnaissentlesetoiles.pdf\" title=\"button\" target=\"_blank\" class=\"btn btn-custom-69df6d69b2225 btn-mod  btn-small btn-solid btn-round\"><i class=\"fa fa-arrow-circle-down\"><\/i> Revue de Presse <\/a><\/div><\/div><div class=\"wpb_column col-md-6\"><h2  class=\"section-title mb-70 mb-sm-40 font-alt align-left\" style=\"color:#ea4600;margin-bottom:15px;\">PARTENAIRES<\/h2><div class=\"section-text text-block \" ><p><em>Coproductions : Montpellier Danse, r\u00e9sidence de cr\u00e9ation \u00e0 l\u2019Agora, Cit\u00e9 Internationale de la danse avec le soutien de la Fondation BNP Paribas, Centre Chor\u00e9graphique National de Cr\u00e9teil et du Val de Marne \/ Compagnie K\u00e4fig direction Mourad Merzouki dans le cadre de l&rsquo;accueil studio, Centre Chor\u00e9graphique National de La Rochelle \/ Poitou-Charentes, Kader Attou \/ Cie Accrorap.\u00a0<\/em><em>Fabrique Mimont Cannes \u2013 Logis des jeunes de Provence, Arts Vivants en Vaucluse, accueil en r\u00e9sidence au Th\u00e9\u00e2tre des Doms.<br \/>\n<\/em><em>Avec le soutien de la DRAC PACA et de la r\u00e9gion PACA.<\/em><\/p>\n<\/div><\/div><\/div><\/section><\/div><\/div><\/section><section  class=\"content-section full-width with-col cover custom-padding no-margin    content-section-69df6d69b22e0\"><div class=\"row vc_row-fluid\"><div class=\"wpb_column col-md-12\"><h2  class=\"section-title mb-70 mb-sm-40 font-alt align-left\" style=\"color:#ea4600;margin-bottom:15px;\">Photos<\/h2><div class=\"row multi-columns-row\"><div  class=\"col-md-3 col-lg-3 col-sm-6 mb-md-10\"><div class=\"post-prev-img\"><a href=\"http:\/\/2t3mdanse.fr\/wp-content\/uploads\/2017\/03\/DSC5166-\u00a9-MIRABELWHITE-e1490627739535.jpg\" class=\"lightbox-gallery-2 mfp-image\"><img decoding=\"async\" src=\"http:\/\/2t3mdanse.fr\/wp-content\/uploads\/2017\/03\/DSC5166-\u00a9-MIRABELWHITE-e1490627739535-720x463.jpg\" alt=\"\" \/><\/a><\/div><\/div><div  class=\"col-md-3 col-lg-3 col-sm-6 mb-md-10\"><div class=\"post-prev-img\"><a href=\"http:\/\/2t3mdanse.fr\/wp-content\/uploads\/2017\/03\/DSC5146-PHOTO-\u00a9-MIRABELWHITE-.jpg\" class=\"lightbox-gallery-2 mfp-image\"><img decoding=\"async\" src=\"http:\/\/2t3mdanse.fr\/wp-content\/uploads\/2017\/03\/DSC5146-PHOTO-\u00a9-MIRABELWHITE--720x463.jpg\" alt=\"\" \/><\/a><\/div><\/div><div  class=\"col-md-3 col-lg-3 col-sm-6 mb-md-10\"><div class=\"post-prev-img\"><a href=\"http:\/\/2t3mdanse.fr\/wp-content\/uploads\/2017\/03\/DSC5084-PHOTO-\u00a9-MIRABELWHITE.jpg\" class=\"lightbox-gallery-2 mfp-image\"><img decoding=\"async\" src=\"http:\/\/2t3mdanse.fr\/wp-content\/uploads\/2017\/03\/DSC5084-PHOTO-\u00a9-MIRABELWHITE-720x463.jpg\" alt=\"\" \/><\/a><\/div><\/div><div  class=\"col-md-3 col-lg-3 col-sm-6 mb-md-10\"><div class=\"post-prev-img\"><a href=\"http:\/\/2t3mdanse.fr\/wp-content\/uploads\/2017\/03\/DSC_1061-PHOTO-\u00a9-MIRABELWHITE.jpg\" class=\"lightbox-gallery-2 mfp-image\"><img decoding=\"async\" src=\"http:\/\/2t3mdanse.fr\/wp-content\/uploads\/2017\/03\/DSC_1061-PHOTO-\u00a9-MIRABELWHITE-720x463.jpg\" alt=\"\" \/><\/a><\/div><\/div><div  class=\"col-md-3 col-lg-3 col-sm-6 mb-md-10\"><div class=\"post-prev-img\"><a href=\"http:\/\/2t3mdanse.fr\/wp-content\/uploads\/2017\/03\/DSC5241-PHOTO-\u00a9-MIRABELWHITE-JPG.jpeg\" class=\"lightbox-gallery-2 mfp-image\"><img decoding=\"async\" src=\"http:\/\/2t3mdanse.fr\/wp-content\/uploads\/2017\/03\/DSC5241-PHOTO-\u00a9-MIRABELWHITE-JPG-720x463.jpeg\" alt=\"\" \/><\/a><\/div><\/div><div  class=\"col-md-3 col-lg-3 col-sm-6 mb-md-10\"><div class=\"post-prev-img\"><a href=\"http:\/\/2t3mdanse.fr\/wp-content\/uploads\/2017\/03\/DSC5218-PHOTO-\u00a9-MIRABELWHITE.jpg\" class=\"lightbox-gallery-2 mfp-image\"><img decoding=\"async\" src=\"http:\/\/2t3mdanse.fr\/wp-content\/uploads\/2017\/03\/DSC5218-PHOTO-\u00a9-MIRABELWHITE-720x463.jpg\" alt=\"\" \/><\/a><\/div><\/div><div  class=\"col-md-3 col-lg-3 col-sm-6 mb-md-10\"><div class=\"post-prev-img\"><a href=\"http:\/\/2t3mdanse.fr\/wp-content\/uploads\/2017\/03\/DSC5209-PHOTO-\u00a9-MIRABELWHITE.jpg\" class=\"lightbox-gallery-2 mfp-image\"><img decoding=\"async\" src=\"http:\/\/2t3mdanse.fr\/wp-content\/uploads\/2017\/03\/DSC5209-PHOTO-\u00a9-MIRABELWHITE-720x463.jpg\" alt=\"\" \/><\/a><\/div><\/div><div  class=\"col-md-3 col-lg-3 col-sm-6 mb-md-10\"><div class=\"post-prev-img\"><a href=\"http:\/\/2t3mdanse.fr\/wp-content\/uploads\/2017\/03\/DSC_1116-PHOTO-\u00a9-MIRABELWHITE-.jpg\" class=\"lightbox-gallery-2 mfp-image\"><img decoding=\"async\" src=\"http:\/\/2t3mdanse.fr\/wp-content\/uploads\/2017\/03\/DSC_1116-PHOTO-\u00a9-MIRABELWHITE--720x463.jpg\" alt=\"\" \/><\/a><\/div><\/div><\/div><div class=\"section-text text-block \" ><p>Photos\u00a0\u00a9<a href=\"http:\/\/www.mirabelwhite.com\/\">Mirabelwhite<\/a><\/p>\n<\/div><\/div><\/div><\/section><section  class=\"content-section full-width with-col cover custom-padding no-margin    content-section-69df6d69b3e8d\"><div class=\"row vc_row-fluid\"><div class=\"wpb_column col-md-8\"><h2  class=\"section-title mb-70 mb-sm-40 font-alt align-left\" style=\"color:#ea4600;margin-bottom:15px;\">Teaser <\/h2><div class=\"mb-xs-40\"><div  class=\"video\"><iframe loading=\"lazy\" src=\"http:\/\/player.vimeo.com\/video\/177619329?title=0&amp;byline=0&amp;portrait=0&amp;color=ffffff\" width=\"1170\" height=\"658\" allowfullscreen><\/iframe><\/div><\/div><\/div><\/div><\/section>\n","protected":false},"excerpt":{"rendered":"Face aux crises\u00a0qui agitent notre temps, Nabil Hema\u00efzia imagine \u00ab\u00a0une parcelle de monde qui se raconte sur les d\u00e9bris de l\u2019Histoire\u00a0\u00bbPour sa premi\u00e8re pi\u00e8ce de groupe, Nabil Hemaizia \u00e9prouve sa position de chor\u00e9graphe.\u00a0Il met en sc\u00e8ne une variation autour de la domination, de l\u2019asservissement et de l\u2019accession au pouvoir, mis en place par l\u2019homme pour","protected":false},"author":1,"featured_media":0,"parent":0,"menu_order":0,"comment_status":"closed","ping_status":"closed","template":"","meta":{"footnotes":""},"class_list":["post-2586","page","type-page","status-publish","hentry"],"_links":{"self":[{"href":"http:\/\/2t3mdanse.fr\/index.php\/wp-json\/wp\/v2\/pages\/2586","targetHints":{"allow":["GET"]}}],"collection":[{"href":"http:\/\/2t3mdanse.fr\/index.php\/wp-json\/wp\/v2\/pages"}],"about":[{"href":"http:\/\/2t3mdanse.fr\/index.php\/wp-json\/wp\/v2\/types\/page"}],"author":[{"embeddable":true,"href":"http:\/\/2t3mdanse.fr\/index.php\/wp-json\/wp\/v2\/users\/1"}],"replies":[{"embeddable":true,"href":"http:\/\/2t3mdanse.fr\/index.php\/wp-json\/wp\/v2\/comments?post=2586"}],"version-history":[{"count":44,"href":"http:\/\/2t3mdanse.fr\/index.php\/wp-json\/wp\/v2\/pages\/2586\/revisions"}],"predecessor-version":[{"id":3490,"href":"http:\/\/2t3mdanse.fr\/index.php\/wp-json\/wp\/v2\/pages\/2586\/revisions\/3490"}],"wp:attachment":[{"href":"http:\/\/2t3mdanse.fr\/index.php\/wp-json\/wp\/v2\/media?parent=2586"}],"curies":[{"name":"wp","href":"https:\/\/api.w.org\/{rel}","templated":true}]}}