{"id":2985,"date":"2016-05-20T14:18:40","date_gmt":"2016-05-20T13:18:40","guid":{"rendered":"http:\/\/2t3mdanse.fr\/?page_id=2985"},"modified":"2016-05-25T10:33:50","modified_gmt":"2016-05-25T09:33:50","slug":"historique","status":"publish","type":"page","link":"http:\/\/2t3mdanse.fr\/index.php\/historique\/","title":{"rendered":"Historique"},"content":{"rendered":"<section  class=\"content-section full-width with-col cover custom-padding no-margin    content-section-69ff0b93e9942\"><div class=\"row vc_row-fluid\"><div class=\"wpb_column col-md-12\"><h2  class=\"section-title mb-70 mb-sm-40 font-alt align-left\" style=\"color:#ea4600;margin-top:0px;margin-bottom:15px;\">ET DES POUSSI\u00c8RES (2012) <\/h2><section  class=\"content-section full-width with-col cover no-padding no-margin    content-section-69ff0b93e9a53\"><div class=\"row vc_row-fluid\"><div class=\"wpb_column col-md-3\"><div  class=\"full-block align-left\" ><img loading=\"lazy\" decoding=\"async\"  src=\"http:\/\/2t3mdanse.fr\/wp-content\/uploads\/2016\/05\/leportrait-site-1.jpg\"  width=\"500\" height=\"326\" alt=\"\" title=\"\" \/><\/div><\/div><div class=\"wpb_column col-md-9\"><div class=\"section-text text-block \" ><p>DIRECTION : SYLVAIN BOUILLET, MATHIEU DESSEIGNE ET NABIL HEMA\u00cfZIA<br \/>\nLe cirque et le hip hop dans le fond de nos sacs \u00e0 dos communs, plus comme mati\u00e8re \u00e0 penser que comme mati\u00e8re \u00e0 faire, dans cet \u00ab\u00a0en partage\u00a0\u00bb qui nous fait danser, prendre le temps d\u2019avoir de l\u2019\u00e2ge, un peu, et garder la virtuosit\u00e9 marcher devant pour repenser nos grammaires de corps, qui font en gestes les mots de nos t\u00eates. <em>Et des poussi\u00e8res <\/em>tente d\u2019\u00e9crire les petites histoires qui r\u00e9v\u00e8lent l\u2019amn\u00e9sie obs\u00e9quieuse de la grande.<\/p>\n<\/div><\/div><\/div><\/section><\/div><\/div><\/section><section  class=\"content-section full-width with-col cover no-padding no-margin    content-section-69ff0b93ea33c\"><div class=\"row vc_row-fluid\"><div class=\"wpb_column col-md-12\"><hr  class=\"ts-divider\"><\/div><\/div><\/section><section  class=\"content-section full-width with-col cover custom-padding no-margin    content-section-69ff0b93ea442\"><div class=\"row vc_row-fluid\"><div class=\"wpb_column col-md-12\"><h2  class=\"section-title mb-70 mb-sm-40 font-alt align-left\" style=\"color:#ea4600;margin-top:0px;margin-bottom:15px;\">SOUS NOS YEUX (2010)<\/h2><section  class=\"content-section full-width with-col cover no-padding no-margin    content-section-69ff0b93ea4b9\"><div class=\"row vc_row-fluid\"><div class=\"wpb_column col-md-3\"><div  class=\"full-block align-left\" ><img loading=\"lazy\" decoding=\"async\"  src=\"http:\/\/2t3mdanse.fr\/wp-content\/uploads\/2016\/05\/Sous_nos_yeux.jpg\"  width=\"500\" height=\"326\" alt=\"\" title=\"\" \/><\/div><\/div><div class=\"wpb_column col-md-9\"><div class=\"section-text text-block \" ><p>DIRECTION : SYLVAIN BOUILLET ET NABIL HEMA\u00cfZIA<br \/>\nTrois personnages conjuguent le vocabulaire du cirque, de la musique et de la danse hip hop et nous emportent au rythme des images. De gestes ronds en phrases lisses, les corps berc\u00e9s se laissent aller \u00e0 la somnolence. Mais les images sont bavardes et les sons tapageurs. Les personnages anesth\u00e9si\u00e9s bient\u00f4t se crispent face \u00e0 tant de sollicitations. Un conflit cadenc\u00e9 \u00e0 la mani\u00e8re d\u2019un zapping fr\u00e9n\u00e9tique s\u2019engage alors, enchainant les \u00e9tats de corps dans une spirale incontr\u00f4lable. A coup de po\u00e9sie, le trio malmen\u00e9 bataille pour son ind\u00e9pendance face \u00e0 une lumi\u00e8re qui l\u2019attire autant qu\u2019elle le consume.<\/p>\n<\/div><\/div><\/div><\/section><\/div><\/div><\/section><section  class=\"content-section full-width with-col cover no-padding no-margin    content-section-69ff0b93ea9f6\"><div class=\"row vc_row-fluid\"><div class=\"wpb_column col-md-12\"><hr  class=\"ts-divider\"><\/div><\/div><\/section><section  class=\"content-section full-width with-col cover custom-padding no-margin    content-section-69ff0b93eaa4c\"><div class=\"row vc_row-fluid\"><div class=\"wpb_column col-md-12\"><h2  class=\"section-title mb-70 mb-sm-40 font-alt align-left\" style=\"color:#ea4600;margin-top:0px;margin-bottom:15px;\">LA STRAT\u00c9GIE DE L\u2019ECHEC (2009) <\/h2><section  class=\"content-section full-width with-col cover no-padding no-margin    content-section-69ff0b93eaac2\"><div class=\"row vc_row-fluid\"><div class=\"wpb_column col-md-3\"><div  class=\"full-block align-left\" ><img loading=\"lazy\" decoding=\"async\"  src=\"http:\/\/2t3mdanse.fr\/wp-content\/uploads\/2016\/05\/La_strategie_de_l_echec.jpg\"  width=\"500\" height=\"326\" alt=\"\" title=\"\" \/><\/div><\/div><div class=\"wpb_column col-md-9\"><div class=\"section-text text-block \" ><p>DIRECTION : MATHIEU DESSEIGNE ET NABIL HEMA\u00cfZIA<br \/>\n<em>La Strat\u00e9gie de l\u2019Echec<\/em> ou comment nos h\u00e9ritages culturels et sociaux conditionnent nos trajectoires de vie. Vacillant entre les promesses et les d\u00e9sillusions de nos mod\u00e8les sociaux, deux corps en mouvement coexistent pour leurs int\u00e9r\u00eats personnels et les n\u00e9cessit\u00e9s collectives. De la rupture \u00e0 l\u2019\u00e9quilibre, de la performance \u00e0 la chute, le duo explore un compromis situ\u00e9 entre r\u00e9signation et r\u00e9sistance. Et si \u00e0 force de conviction face \u00e0 un d\u00e9senchantement collectif, il devenait possible de n\u00e9gliger les codes impos\u00e9s ?<\/p>\n<\/div><\/div><\/div><\/section><\/div><\/div><\/section><section  class=\"content-section full-width with-col cover no-padding no-margin    content-section-69ff0b93eaeae\"><div class=\"row vc_row-fluid\"><div class=\"wpb_column col-md-12\"><hr  class=\"ts-divider\"><\/div><\/div><\/section><section  class=\"content-section full-width with-col cover custom-padding no-margin    content-section-69ff0b93eaeff\"><div class=\"row vc_row-fluid\"><div class=\"wpb_column col-md-12\"><h2  class=\"section-title mb-70 mb-sm-40 font-alt align-left\" style=\"color:#ea4600;margin-top:0px;margin-bottom:15px;\">REFLETS (2006) <\/h2><section  class=\"content-section full-width with-col cover no-padding no-margin    content-section-69ff0b93eaf73\"><div class=\"row vc_row-fluid\"><div class=\"wpb_column col-md-3\"><div  class=\"full-block align-left\" ><img loading=\"lazy\" decoding=\"async\"  src=\"http:\/\/2t3mdanse.fr\/wp-content\/uploads\/2016\/05\/reflets-1.jpg\"  width=\"500\" height=\"326\" alt=\"\" title=\"\" \/><\/div><\/div><div class=\"wpb_column col-md-9\"><div class=\"section-text text-block \" ><p>DIRECTION : SYLVAIN BOUILLET ET NABIL HEMA\u00cfZIA<br \/>\n<em>Reflets<\/em> est une intrigue dans\u00e9e, situ\u00e9e aux fronti\u00e8res du hip hop, du nouveau cirque et du mime. Cette cr\u00e9ation aux allures de court-m\u00e9trage chor\u00e9graphique, conjugue une dynamique acrobatique et une fluidit\u00e9 dans\u00e9e. Le duo met en sc\u00e8ne un dormeur et son double, porteur de ses angoisses profondes et d\u2019une \u00e2me sauvage mal contenue. La gestuelle puissante et syncop\u00e9e de l\u2019un r\u00e9v\u00e8le dans une lutte contrast\u00e9e, la fluidit\u00e9 a\u00e9rienne qui \u00e9lectrise le corps de l\u2019autre. Orchestr\u00e9 par une musique \u00e9lectro-acoustique, ce ballet fantastique et po\u00e9tique convoque les multiples personnalit\u00e9s qui nous habitent pour servir le th\u00e8me du moi int\u00e9rieur, \u00e0 la recherche du fragile \u00e9quilibre face aux tourments qui nous assaillent.<\/p>\n<\/div><\/div><\/div><\/section><\/div><\/div><\/section><section  class=\"content-section full-width with-col cover no-padding no-margin    content-section-69ff0b93eb31a\"><div class=\"row vc_row-fluid\"><div class=\"wpb_column col-md-12\"><hr  class=\"ts-divider\"><\/div><\/div><\/section><section  class=\"content-section full-width with-col cover custom-padding no-margin    content-section-69ff0b93eb376\"><div class=\"row vc_row-fluid\"><div class=\"wpb_column col-md-12\"><h2  class=\"section-title mb-70 mb-sm-40 font-alt align-left\" style=\"color:#ea4600;margin-top:0px;margin-bottom:15px;\">Galerie vid\u00e9os<\/h2><section  class=\"content-section full-width with-col cover no-padding no-margin    content-section-69ff0b93eb4e6\"><div class=\"row vc_row-fluid\"><div class=\"wpb_column col-md-3\"><div class=\"mb-xs-40\"><div  class=\"video\"><iframe loading=\"lazy\" src=\"http:\/\/player.vimeo.com\/video\/60822979?title=0&amp;byline=0&amp;portrait=0&amp;color=ffffff\" width=\"1170\" height=\"658\" allowfullscreen><\/iframe><\/div><\/div><div class=\"section-text text-block section-textmargin-top10px important \" ><p style=\"text-align: center\">Et des poussi\u00e8res<\/p>\n<\/div><\/div><div class=\"wpb_column col-md-3\"><div class=\"mb-xs-40\"><div  class=\"video\"><iframe loading=\"lazy\" src=\"http:\/\/player.vimeo.com\/video\/62354640?title=0&amp;byline=0&amp;portrait=0&amp;color=ffffff\" width=\"1170\" height=\"658\" allowfullscreen><\/iframe><\/div><\/div><div class=\"section-text text-block \" ><p style=\"text-align: center\">Sous nos yeux<\/p>\n<\/div><\/div><div class=\"wpb_column col-md-3\"><div class=\"mb-xs-40\"><div  class=\"video\"><iframe loading=\"lazy\" src=\"http:\/\/player.vimeo.com\/video\/60998597?title=0&amp;byline=0&amp;portrait=0&amp;color=ffffff\" width=\"1170\" height=\"658\" allowfullscreen><\/iframe><\/div><\/div><div class=\"section-text text-block \" ><p style=\"text-align: center\">La strat\u00e9gie de l&rsquo;echec<\/p>\n<\/div><\/div><div class=\"wpb_column col-md-3\"><div class=\"mb-xs-40\"><div  class=\"video\"><iframe loading=\"lazy\" src=\"http:\/\/player.vimeo.com\/video\/62354641?title=0&amp;byline=0&amp;portrait=0&amp;color=ffffff\" width=\"1170\" height=\"658\" allowfullscreen><\/iframe><\/div><\/div><div class=\"section-text text-block \" ><p style=\"text-align: center\">Reflets<\/p>\n<\/div><\/div><\/div><\/section><\/div><\/div><\/section>\n","protected":false},"excerpt":{"rendered":"ET DES POUSSI\u00c8RES (2012) DIRECTION : SYLVAIN BOUILLET, MATHIEU DESSEIGNE ET NABIL HEMA\u00cfZIA Le cirque et le hip hop dans le fond de nos sacs \u00e0 dos communs, plus comme mati\u00e8re \u00e0 penser que comme mati\u00e8re \u00e0 faire, dans cet \u00ab\u00a0en partage\u00a0\u00bb qui nous fait danser, prendre le temps d\u2019avoir de l\u2019\u00e2ge, un peu, et","protected":false},"author":1,"featured_media":0,"parent":0,"menu_order":0,"comment_status":"closed","ping_status":"closed","template":"","meta":{"footnotes":""},"class_list":["post-2985","page","type-page","status-publish","hentry"],"_links":{"self":[{"href":"http:\/\/2t3mdanse.fr\/index.php\/wp-json\/wp\/v2\/pages\/2985","targetHints":{"allow":["GET"]}}],"collection":[{"href":"http:\/\/2t3mdanse.fr\/index.php\/wp-json\/wp\/v2\/pages"}],"about":[{"href":"http:\/\/2t3mdanse.fr\/index.php\/wp-json\/wp\/v2\/types\/page"}],"author":[{"embeddable":true,"href":"http:\/\/2t3mdanse.fr\/index.php\/wp-json\/wp\/v2\/users\/1"}],"replies":[{"embeddable":true,"href":"http:\/\/2t3mdanse.fr\/index.php\/wp-json\/wp\/v2\/comments?post=2985"}],"version-history":[{"count":23,"href":"http:\/\/2t3mdanse.fr\/index.php\/wp-json\/wp\/v2\/pages\/2985\/revisions"}],"predecessor-version":[{"id":3228,"href":"http:\/\/2t3mdanse.fr\/index.php\/wp-json\/wp\/v2\/pages\/2985\/revisions\/3228"}],"wp:attachment":[{"href":"http:\/\/2t3mdanse.fr\/index.php\/wp-json\/wp\/v2\/media?parent=2985"}],"curies":[{"name":"wp","href":"https:\/\/api.w.org\/{rel}","templated":true}]}}